{"id":435,"date":"2017-01-11T12:30:43","date_gmt":"2017-01-11T11:30:43","guid":{"rendered":"https:\/\/firstoasis.com.es?page_id=435"},"modified":"2026-03-10T11:19:16","modified_gmt":"2026-03-10T10:19:16","slug":"ueber-uns","status":"publish","type":"page","link":"https:\/\/firstoasis.com\/de\/ueber-uns\/","title":{"rendered":"\u00dcber uns"},"content":{"rendered":"<h3>Redaktion \/ Inhaber<\/h3>\n<p>Diese Website wird von der Immobilienagentur First Oasis ver\u00f6ffentlicht, gegr\u00fcndet im Jahr 2002, mit der Steuernummer X5976953N und Sitz in Calle Marqu\u00e9s de Larios n\u00b0 4 &#8211; 29005 M\u00e1laga (M\u00e1laga, Spanien).<br \/>\nBei Fragen kontaktieren Sie uns telefonisch unter +34 952 500 682 oder per E-Mail an  <span id=\"cloak88726\"><a href=\"mailto:info@firstoasis.com\">info@firstoasis.com<\/a><\/span><\/p>\n<p>Verantwortlicher f\u00fcr die Ver\u00f6ffentlichung ist Herr Jean-Yves Coulon als Gesch\u00e4ftsf\u00fchrer.<\/p>\n<p>USt-IdNr. (innergemeinschaftlich): ESX5976953N<\/p>\n<p><strong>Mitglied Nr. 3712 der European Association of Real Estate Professions (CEPI).<\/strong><\/p>\n<p><a href=\"http:\/\/www.cepi-cei.eu\/index.php\"><img loading=\"lazy\" decoding=\"async\" class=\"alignnone wp-image-193\" title=\"European Association of Real Estate Professions\" img=\"\" src=\"https:\/\/firstoasis.com\/wp-content\/uploads\/2026\/03\/2026_v2.png\" alt=\"\" width=\"300\" height=\"200\"><\/a><\/p>\n<p>CEPI ist der wichtigste europ\u00e4ische Verband von Immobilienfachleuten und Immobilienverwaltern.<\/p>\n<h3>Webmaster \/ Technischer Support<\/h3>\n<p>Design und Wartung dieser Website: TOBOSO.NET mit Sitz in Camino de Algarrobo Nr. 36 \u2013 29700 V\u00e9lez-M\u00e1laga (M\u00e1laga, Spanien). F\u00fcr technischen Support zu dieser Website k\u00f6nnen Sie eine E-Mail an <span id=\"cloak25085\"><a href=\"mailto:info@toboso.net\">info@toboso.net<\/a><\/span> senden. <\/p>\n<h3>Webhosting<\/h3>\n<p>Diese Website wird bei CDmon gehostet, dessen Sitz sich in C \/ Girona 81-83 Local 6, 08380 Malgrat de Mar (Barcelona, Spanien) befindet. Bei Fragen oder Anregungen kontaktieren Sie uns telefonisch unter +34 902 36 41 38 oder per E-Mail an <span id=\"cloak84656\"><a href=\"mailto:info@cdmon.com\">info@cdmon.com<\/a><\/span> <\/p>\n","protected":false},"excerpt":{"rendered":"<p>Redaktion \/ Inhaber Diese Website wird von der Immobilienagentur First Oasis ver\u00f6ffentlicht, gegr\u00fcndet im Jahr 2002, mit der Steuernummer X5976953N und Sitz in Calle Marqu\u00e9s de Larios n\u00b0 4 &#8211; 29005 M\u00e1laga (M\u00e1laga, Spanien). Bei Fragen kontaktieren Sie uns telefonisch unter +34 952 500 682 oder per E-Mail an info@firstoasis.com Verantwortlicher f\u00fcr die Ver\u00f6ffentlichung ist [&hellip;]<\/p>\n","protected":false},"author":3,"featured_media":0,"parent":0,"menu_order":0,"comment_status":"closed","ping_status":"closed","template":"","meta":{"_joinchat":[],"footnotes":""},"class_list":["post-435","page","type-page","status-publish","hentry"],"_links":{"self":[{"href":"https:\/\/firstoasis.com\/de\/wp-json\/wp\/v2\/pages\/435","targetHints":{"allow":["GET"]}}],"collection":[{"href":"https:\/\/firstoasis.com\/de\/wp-json\/wp\/v2\/pages"}],"about":[{"href":"https:\/\/firstoasis.com\/de\/wp-json\/wp\/v2\/types\/page"}],"author":[{"embeddable":true,"href":"https:\/\/firstoasis.com\/de\/wp-json\/wp\/v2\/users\/3"}],"replies":[{"embeddable":true,"href":"https:\/\/firstoasis.com\/de\/wp-json\/wp\/v2\/comments?post=435"}],"version-history":[{"count":8,"href":"https:\/\/firstoasis.com\/de\/wp-json\/wp\/v2\/pages\/435\/revisions"}],"predecessor-version":[{"id":2924,"href":"https:\/\/firstoasis.com\/de\/wp-json\/wp\/v2\/pages\/435\/revisions\/2924"}],"wp:attachment":[{"href":"https:\/\/firstoasis.com\/de\/wp-json\/wp\/v2\/media?parent=435"}],"curies":[{"name":"wp","href":"https:\/\/api.w.org\/{rel}","templated":true}]}}