{"id":463,"date":"2017-01-11T13:15:26","date_gmt":"2017-01-11T12:15:26","guid":{"rendered":"https:\/\/firstoasis.com.es?page_id=463"},"modified":"2021-03-20T09:56:19","modified_gmt":"2021-03-20T08:56:19","slug":"inserieren-sie-ihre-immobilien-kostenlos","status":"publish","type":"page","link":"https:\/\/firstoasis.com\/de\/inserieren-sie-ihre-immobilien-kostenlos\/","title":{"rendered":"Inserieren Sie Ihre Immobilien kostenlos*"},"content":{"rendered":"<h3><span class=\"external\">3 Gr\u00fcnde, f\u00fcr die Werbung Ihre Immobilie im Ausland:<\/span><\/h3>\n<p>&#8211; <strong>1. Andere Produkte<\/strong><\/p>\n<p>Ein ausw\u00e4rtiger K\u00e4ufer hat eine andere Wahrnehmung des Marktes im Vergleich zu einem lokalen K\u00e4ufer. Er kann verschiedene Produkte, ein luxuri\u00f6ses Anwesen, wie eine Villa an der K\u00fcste oder eine gro\u00dfe Wohnung in Berlin oder D\u00fcsseldorf ansehen. Das k\u00f6nnte auch eine antike Ruine sein, oder ein Bauernhof in den Bergen. In gro\u00dfen St\u00e4dten ist es \u00fcblich, dass ein K\u00e4ufer ein Objekt sch\u00e4tzt, dass den lokalen Markt nicht interessiert. Ein ausl\u00e4ndischer K\u00e4ufer ist daher ein Erg\u00e4nzung zur K\u00e4uferschaft im nationalen und lokalen Bereich.<\/p>\n<p>&#8211; <strong>2. Schnelle Entscheidung ( Bezahlen mit Bargeld ist \u00fcblich )<\/strong><\/p>\n<p>In den meisten F\u00e4llen ist dem ausl\u00e4ndischer K\u00e4ufer bewusst, dass er in Bezug auf Preisverhandlungen im Nachteil gegen\u00fcber einem nationalen K\u00e4ufer ist . Das erkl\u00e4rt, warum die Ausl\u00e4nder eine Immobilie teurer bezahlen. Au\u00dferdem werden \u00fcber 50% der Transaktionen ohne Inanspruchnahme von Hypotheken abgewickelt. Das vereinfacht die Abwicklung und vermeidet bestimmte Bedingungen im Kaufvertrag, der wiederum vereinfacht wird.<\/p>\n<p>&#8211; <strong>3. Vereinfachte Kommunikation<\/strong><\/p>\n<p>Eine Annonce in Firstoasis bef\u00e4higt Sie mit dem Interessenten f\u00fcr Miete oder Kauf direkt in Verbindung zu treten und dar\u00fcber hinaus unabh\u00e4ngig von der Landessprache des Interessenten. Wenn Sie eine Anfrage eines Interessenten bekommen, die nicht in Ihrer eigenen Sprache verfasst sein sollte, k\u00f6nnen sie auf &#8222;online \u00dcbersetzer&#8220; klicken und sich den Text \u00fcbersetzen lassen, oder uns kontaktieren und wir werden Ihnen dann behilflich sein mit der \u00dcbersetzung des Interessenten.<\/p>\n<h3>Preise &#8211; Bedingungen<\/h3>\n<h4>*Kostenlose Anzeigen (nur f\u00fcr Privatpersonen)<\/h4>\n<p>&#8211; <strong>Ferienwohnung Anzeigen:<\/strong><\/p>\n<p>Nachdem Sie die Anzeige bei Firstoasis geschaltet haben, betreut Sie Firstoasis mit der Verwaltung der Anfragen, ohne ein Exklusivrecht darauf zu beanspruchen. Wir beantworten in der k\u00fcrzest m\u00f6glichen Zeit alle Anfragen auf Ihre Annonce, ungeachtet dessen in welcher Sprache diese eingehen. Firstoasis erstellt und versendet die Mietvertr\u00e4ge, vorherige Besprechungen und die Besprechungen und Best\u00e4tigungen mit dem Eigent\u00fcmer. Der Mieter zahlt eine Anzahlung von 25% des Mietpreise bei der Reservierung und die Restmiete von 75% in bar bei Ankunft. Die Agentur Firstoasis erhebt eine Vermittlungsgeb\u00fchr von 20% auf die Listenpreise in den Annoncen (au\u00dfer bei in Spanien befindlichen Immobilien &#8211; fragen Sie uns)<\/p>\n<p>&#8211; <strong>Langzeitmiete Anzeigen:<\/strong><\/p>\n<p>Nachdem Sie die Anzeige bei Firstoasis geschaltet haben, betreut Sie Firstoasis mit der Verwaltung der Anfragen, ohne ein Exklusivrecht darauf zu beanspruchen. Wir beantworten in der k\u00fcrzest m\u00f6glichen Zeit alle Anfragen auf Ihre Annonce, ungeachtet dessen in welchen Sprache diese eingehen. Firstoasis erstellt und versendet die Mietvertr\u00e4ge, vorherige Besprechungen und die Besprechungen und Best\u00e4tigungen mit dem Eigent\u00fcmer. Der Mieter zahlt bei Reservierung 2 Monatsmieten an (1 Monat als Kaution und die 1. Miete f. den ersten Monat) Das Vermittlungshonorar f\u00fcr Firstoasis oder eine seiner Agenturen betr\u00e4gt 10% von der j\u00e4hrlichen Mieteinnahme.<\/p>\n<p>&#8211; <strong>Immobilien zum Kauf Anzeigen:<\/strong><\/p>\n<p>Nachdem Sie die Anzeige bei Firstoasis geschaltet haben, betreut Sie Firstoasis mit der Verwaltung der Anfragen, ohne ein Exklusivrecht darauf zu beanspruchen. Wir beantworten in der k\u00fcrzest m\u00f6glichen Zeit alle Anfragen auf Ihre Annonce, ungeachtet dessen in welchen Sprache diese eingehen.<br \/>\nIm Falle von starkem Interesse der potenziellen K\u00e4ufer veranlassen Firstoasis oder eine seiner n\u00e4chstgelegenen Agenturen den Kaufvertrag und berechnen eine Vermittlungsprovision von 5% des Kaufpreises.<\/p>\n<h4>Bezahlte Anzeigen:<\/h4>\n<p>&#8211; <strong>Bezahlte Anzeigen f\u00fcr Privatpersonen:<\/strong><\/p>\n<p>Nach der Ver\u00f6ffentlichung Ihrer Anzeige (Vermietung, Verkauf, Ferienvermietung etc.) k\u00f6nnen Sie sich ganz auf den kompletten Service von Firstoasis verlassen. Ihre Anzeige wird in 55 Sprachen \u00fcbersetzt (45 davon \u00fcbersetzungsf\u00e4hig per Google) Preis der Annonce sind 99 \u20ac\/Jahr plus MwSt. und Sie k\u00f6nnen Ihre Annonce selbst pflegen und aktualisieren. Nehmen Sie den Rabatt von 15% in Anspruch, wenn Sie Ihre Anzeige gleich f\u00fcr 2 Jahre schalten.<\/p>\n<p>&#8211; <strong>Bezahlte Anzeigen f\u00fcr Unternehmen:<\/strong><\/p>\n<p>Nach der Ver\u00f6ffentlichung Ihrer Anzeige (Vermietung, Verkauf, Ferienvermietung etc.) k\u00f6nnen Sie sich ganz auf den kompletten Service von Firstoasis verlassen. Ihre Anzeige wird in 10 Sprachen \u00fcbersetzt. Preis der Annonce sind ab 25 \u20ac\/Monat plus MwSt. inkl. 10 Anzeigen.<\/p>\n<table border=\"0\">\n<caption>\n<h4>W\u00e4hlen Sie Ihr Abonnement<\/h4>\n<h4><\/h4>\n<\/caption>\n<tbody>\n<tr>\n<td><strong>Dauer<\/strong><\/td>\n<td><strong>Anzeige<\/strong><\/td>\n<td><strong>Privatpersonen<\/strong><\/td>\n<td><strong>Anzeige<\/strong><\/td>\n<td><strong>Unternehmen<\/strong><\/td>\n<\/tr>\n<tr>\n<td>12 Monate<\/td>\n<td>1<\/td>\n<td>  \u20ac 99*\/Jahr<\/td>\n<td>10<\/td>\n<td>\u20ac 30*\/monat<\/td>\n<\/tr>\n<tr>\n<td>12 Monate<\/td>\n<td>2<\/td>\n<td>\u20ac 198*\/Jahr<\/td>\n<td>25<\/td>\n<td>\u20ac 60*\/Monat<\/td>\n<\/tr>\n<tr>\n<td>12 Monate<\/td>\n<td>3<\/td>\n<td>\u20ac 297*\/Jahr<\/td>\n<td>50<\/td>\n<td>\u20ac 100*\/Monat<\/td>\n<\/tr>\n<tr>\n<td><\/td>\n<td><\/td>\n<td><\/td>\n<td>100<\/td>\n<td>\u20ac 180*\/Monat<\/td>\n<\/tr>\n<tr>\n<td>24 Monate<\/td>\n<td>1<\/td>\n<td>\u20ac 169*\/2 Jahre<\/td>\n<td>10<\/td>\n<td>\u20ac 25*\/monat<\/td>\n<\/tr>\n<tr>\n<td>24 Monate<\/td>\n<td>2<\/td>\n<td>\u20ac 338*\/2 jahre<\/td>\n<td>25<\/td>\n<td>\u20ac 50*\/Monat<\/td>\n<\/tr>\n<tr>\n<td>24 monate<\/td>\n<td>3<\/td>\n<td>\u20ac 570*\/2 jahre<\/td>\n<td>50<\/td>\n<td>\u20ac 80*\/Monat<\/td>\n<\/tr>\n<tr>\n<td><\/td>\n<td><\/td>\n<td><\/td>\n<td>100<\/td>\n<td>\u20ac 140*\/ Monat<\/td>\n<\/tr>\n<tr>\n<td><strong>Option<\/strong><\/td>\n<td><\/td>\n<td><strong>Ausgestellte Immobilien<\/strong><\/td>\n<td><\/td>\n<td><strong>Ausgestellte Immobilien<\/strong><\/td>\n<\/tr>\n<tr>\n<td>1 Woche<\/td>\n<td>1<\/td>\n<td>Kontaktieren Sie uns<\/td>\n<td>1<\/td>\n<td>Kontaktieren Sie uns<\/td>\n<\/tr>\n<tr>\n<td><\/td>\n<td><\/td>\n<td>* Preise inklusive MwSt. (21% *)<\/td>\n<td><\/td>\n<td>* Preise inklusive MwSt. (21% *)<\/td>\n<\/tr>\n<\/tbody>\n<\/table>\n<ul><\/ul>\n<p>* Alle Preise verstehen sich zuz\u00fcglich Mehrwertsteuer (21% *) * Preise inklusive MwSt. (21% *)<\/p>\n<p>* Gilt nur f\u00fcr Privatpersonen und Unternehmen in der EG in Spanien registriert.<\/p>\n<p>Unser Support-Team ist immer bereit, Sie telefonisch oder per E-Mail zu beraten.<\/p>\n<p><strong>Detaillierte Pr\u00e4sentation Ihrer Anzeige<\/strong><\/p>\n<p>&#8211; Visuelle wirkung Ihrer Fotos mit Rotation System.<\/p>\n<p>&#8211; Ihre Anzeige ist verf\u00fcgbar in 10 Sprachen.<\/p>\n<p>&#8211; Schreiben Sie Ihre eigene Beschreibung in Ihrer Anzeige (\u00dcbersetzung in andere Sprachen hier nicht m\u00f6glich).<\/p>\n<p>&#8211; Sie k\u00f6nnen einen direkten Link zu Ihrer Website installieren (au\u00dfer f\u00fcr die kostenlosen Anzeigen).<\/p>\n<p><strong>Anzeigen Verwaltung<\/strong><\/p>\n<p>&#8211; Verwalten Sie Ihre Anzeige 24 Std. an 7 Tagen direkt von Ihrem Benutzerkonto.<\/p>\n<p>&#8211; Sie erhalten die Anfragen direkt an Ihre E-Mail-Box (mit Ausnahme von kostenlosen Anzeigen).<\/p>\n<p>&#8211; Sie genie\u00dfen einen internationalen Kundenkreis.<\/p>\n<p><strong>Optionen enthalten<\/strong><\/p>\n<p>&#8211; W\u00e4hrungsumrechner.<\/p>\n<p>&#8211; Google Map mit Streetview-System.<\/p>\n<p>&#8211; M\u00f6glichkeit die Wirkung Ihrer Anzeige durch die Aufnahme eines Videos zu erh\u00f6hen<\/p>\n<p>&#8211; Kompatibel mit Tabletten und Smartphones.<\/p>\n<p><strong>Wie man sich anmeldet?<\/strong><\/p>\n<p>W\u00e4hlen Sie eine der unteren Optionen um sich zu registrieren. Innerhalb weniger Minuten erhalten Sie eine Email mit Ihrem Passwort und schon k\u00f6nnen Sie Ihre Anzeige Erstellen indem Sie die Anweisungen auf der Website befolgen.<\/p>\n<p><input value=\"Privatpersonen\" onclick=\"location.href='\/de\/privatpersonen-anmeldung\/';\" type=\"button\">&nbsp;&nbsp;<input value=\"Gewerbe\" onclick=\"location.href='\/de\/gewerbe-anmeldung\/';\" type=\"button\"><\/p>\n","protected":false},"excerpt":{"rendered":"<p>3 Gr\u00fcnde, f\u00fcr die Werbung Ihre Immobilie im Ausland: &#8211; 1. Andere Produkte Ein ausw\u00e4rtiger K\u00e4ufer hat eine andere Wahrnehmung des Marktes im Vergleich zu einem lokalen K\u00e4ufer. Er kann verschiedene Produkte, ein luxuri\u00f6ses Anwesen, wie eine Villa an der K\u00fcste oder eine gro\u00dfe Wohnung in Berlin oder D\u00fcsseldorf ansehen. Das k\u00f6nnte auch eine antike [&hellip;]<\/p>\n","protected":false},"author":3,"featured_media":0,"parent":0,"menu_order":0,"comment_status":"closed","ping_status":"closed","template":"","meta":{"_joinchat":[],"footnotes":""},"class_list":["post-463","page","type-page","status-publish","hentry"],"_links":{"self":[{"href":"https:\/\/firstoasis.com\/de\/wp-json\/wp\/v2\/pages\/463","targetHints":{"allow":["GET"]}}],"collection":[{"href":"https:\/\/firstoasis.com\/de\/wp-json\/wp\/v2\/pages"}],"about":[{"href":"https:\/\/firstoasis.com\/de\/wp-json\/wp\/v2\/types\/page"}],"author":[{"embeddable":true,"href":"https:\/\/firstoasis.com\/de\/wp-json\/wp\/v2\/users\/3"}],"replies":[{"embeddable":true,"href":"https:\/\/firstoasis.com\/de\/wp-json\/wp\/v2\/comments?post=463"}],"version-history":[{"count":39,"href":"https:\/\/firstoasis.com\/de\/wp-json\/wp\/v2\/pages\/463\/revisions"}],"predecessor-version":[{"id":2438,"href":"https:\/\/firstoasis.com\/de\/wp-json\/wp\/v2\/pages\/463\/revisions\/2438"}],"wp:attachment":[{"href":"https:\/\/firstoasis.com\/de\/wp-json\/wp\/v2\/media?parent=463"}],"curies":[{"name":"wp","href":"https:\/\/api.w.org\/{rel}","templated":true}]}}